{"id":14452,"date":"2018-10-14T16:16:54","date_gmt":"2018-10-14T14:16:54","guid":{"rendered":"https:\/\/www.infierabologna.it\/?page_id=14452"},"modified":"2018-10-14T18:26:44","modified_gmt":"2018-10-14T16:26:44","slug":"privacy-v2","status":"publish","type":"page","link":"https:\/\/www.infierabologna.it\/index.php\/privacy-v2\/","title":{"rendered":"PRIVACY V2"},"content":{"rendered":"<h2>La tua privacy \u00e8 importante, difendiamola.<\/h2>\n<p style=\"text-align: left;\">Uno dei nostri obbiettivi principali \u00e8 proteggere la privacy. Proprio per questo utilizziamo le migliori tecnologie disponibili, aggiornando i nostri sistemi costantemente, per difenderla adeguatamente da ogni pericolo. Di conseguenza il trattamento dei tuoi dati personali, come nome, indirizzo, email e numero di telefono, verr\u00e0 sempre condotto nel pieno rispetto della normativa prevista dal <a href=\"https:\/\/ec.europa.eu\/info\/law\/law-topic\/data-protection_it\">General Data Protection Regulation (GDPR).<\/a>\u00a0Questa pagina web\u00a0ha come obiettivo informarti sulla natura, lo scopo e le finalit\u00e0 del trattamento dei dati personali che raccogliamo, usiamo ed elaboriamo. Cercheremo anche, nel modo pi\u00f9 semplice possibile, di metterti al corrente di quali diritti puoi beneficiare.<\/p>\n<h2 style=\"margin-top: 50px; text-align: left;\">Chi \u00e8 il titolare del trattamento dati<\/h2>\n<p style=\"text-align: left;\">Ennio Biffoni<\/p>\n<p style=\"text-align: left;\">CF:\u00a0BFFNNE52M15G566M<\/p>\n<p>Via Ermete Zacconi,\u00a012 &#8211; 40127\u00a0 &#8211;\u00a0Bologna (BO)<\/p>\n<p><strong>E-Mail:<\/strong>\u00a0<a href=\"mailto:in.fiera@yahoo.it\">in.fiera@yahoo.it<\/a><\/p>\n<p><strong>Telefono:<\/strong>\u00a0<a href=\"tel:+393519558710\">+39 3519558710<\/a><\/p>\n<h2 style=\"margin-top: 50px;\">Perch\u00e8 raccogliamo le tue informazioni personali<\/h2>\n<p>I dati vengono raccolti, previo il tuo consenso, con l&#8217;obbiettivo di offrirti sempre il miglior servizio possibile e rispettare le normative vigenti la nostra attivit\u00e0 professionale. Ad esempio per\u00a0poterti offrire il miglior comfort possibile\u00a0ma anche per poter emettere fatture e ricevute fiscali. Alcune informazioni invece possono essere usate a fini di statistica per ottimizzare la tua navigazione nel sito migliorandone sicurezza e velocit\u00e0.<\/p>\n<h2 style=\"margin-top: 50px;\">Come raccogliamo le tue informazioni personali<\/h2>\n<p>I tuoi dati sono raccolti attraverso operazioni eseguite, con o senza l&#8217;utilizzo di strumenti elettronici, in uno dei seguenti modi:<\/p>\n<h3>Dati raccolti automaticamente<\/h3>\n<p>Durante la navigazione possono essere raccolte queste informazioni che vengono conservate nei file di log del sito o trasmessi a servizi esterni per analisi dati, ad esempio <a href=\"https:\/\/www.google.it\/intl\/it\/analytics\/\">Google Analytics<\/a>:<\/p>\n<ul class=\"default-lists\">\n<li>Indirizzo internet protocol (IP)<\/li>\n<li>Tipo di browser<\/li>\n<li>Parametri del dispositivo usato per connettersi al sito<\/li>\n<li>Nome dell\u2019internet service provider (ISP)<\/li>\n<li>Data e ora di visita<\/li>\n<li>Pagina web di provenienza e di uscita<\/li>\n<li>Numero di click nelle pagine del sito<\/li>\n<\/ul>\n<p style=\"text-align: left;\">Queste informazioni sono utilizzate per analizzare dati e tendenze dei visitatori, migliorare i contenuti e la sicurezza del sito. <strong>Non sono in alcun modo riconducibili alla tua identit\u00e0.<\/strong><\/p>\n<h3>Dati trasmessi volontariamente<\/h3>\n<p>Puoi conferirci tutti o una parte di questi dati volontariamente e in base al contesto quando richiedi un servizio, inserisci commenti, oppure contattandoci via telefono, chat, moduli di contatto e invio email:<\/p>\n<ul class=\"default-lists\">\n<li>nome e cognome<\/li>\n<li>indirizzo email<\/li>\n<li>indirizzo di residenza<\/li>\n<li>partita iva e\/o codice fiscale<\/li>\n<li>numero di carta di credito e\/o di conto corrente e\/o IBAN<\/li>\n<li>azienda e sede<\/li>\n<li>profili social<\/li>\n<li>posizione geografica<\/li>\n<\/ul>\n<p>Questi dati sono utilizzati esclusivamente per fornirti il servizio richiesto e trattati soltanto per il tempo necessario alla prestazione professionale.<\/p>\n<p style=\"text-align: left;\">L\u2019indirizzo email potrebbe essere utilizzato anche per inviarti materiale promozionale se sei gi\u00e0 cliente, quindi nel contesto di un rapporto commerciale gi\u00e0 esistente. Puoi disdire in qualsiasi momento l\u2019invio di tali comunicazioni semplicemente contattandoci. Se invece non sei ancora cliente l\u2019invio di materiale promozionale \u00e8 subordinato alla raccolta del consenso, revocabile successivamente.<br \/>\nI dati fiscali sono necessari al fine di usufruire dei nostri servizi a pagamento e a fini di fatturazione.<\/p>\n<h2 style=\"margin-top: 50px;\">A chi vengono comunicati i tuoi dati<\/h2>\n<p style=\"text-align: left;\">Le informazioni personali possono venire trasmesse\u00a0a collaboratori esterni che svolgono funzioni necessarie o strumentali allo svolgersi del servizio, e per consentire a terze parti di eseguire attivit\u00e0 tecniche, logistiche e di altro tipo per nostro conto.<br \/>\nPotremmo servirci di fornitori per lo svolgimento di alcune attivit\u00e0, come evadere ordini, consegnare pacchi, inviare posta tradizionale, analizzare dati, fornire assistenza marketing, effettuare pagamenti con carte di credito e fornire servizi alla clientela.<br \/>\nI fornitori hanno accesso solo ai dati personali che sono necessari per svolgere i propri compiti, e si impegnano a non utilizzare le informazioni per altri scopi, inoltre sono tenuti a trattare i dati personali in conformit\u00e0 delle normative vigenti.<\/p>\n<p style=\"text-align: left;\">Questo tipo di dati viene conservato soltanto per il periodo di tempo necessario alla fornitura del servizio.<\/p>\n<p style=\"text-align: left;\"><strong>Le informazioni personali non sono soggette a diffusione in altri casi, a meno che non si tratti di legittima richiesta da parte dell\u2019autorit\u00e0 giudiziaria e nei soli casi previsti dalla legge.<\/strong><\/p>\n<h2 style=\"margin-top: 50px;\">Per quanto tempo conserviamo le tue informazioni personali<\/h2>\n<p style=\"text-align: left;\">I dati sono mantenuti per tutto il periodo necessario a fornire i nostri servizi e poter rispettare le normative vigenti. Puoi contattarci in qualsiasi momento per farci cancellare le tue informazioni dal nostro database, ma conserveremo comunque i dati necessari per poter rispettare gli obblighi di legge; ad esempio per prevenire frodi, risolvere azioni legali, applicare i termini di servizio contrattuali e intraprendere eventuali azioni permesse dalle normative.<\/p>\n<h2 style=\"margin-top: 50px;\">Rifiuto di comunicarci le informazioni personali<\/h2>\n<p>Trasmetterci i dati richiesti ci \u00e8 necessario per svolgere correttamente i nostri servizi. Un eventuale rifiuto di comunicarceli ci rende impossibilitati, con grande dispiacere, a poterti offrire le nostre prestazioni professionali.<\/p>\n<h2 style=\"margin-top: 50px;\">Cookies<\/h2>\n<p>Questo sito fa uso di cookie e tecnologie similari. I cookie permettono di conservare informazioni sulle preferenze dei visitatori, verificare il corretto funzionamento del sito e migliorarne le funzionalit\u00e0 personalizzando il contenuto delle pagine in base al tipo del browser utilizzato, oppure semplificarne la navigazione automatizzando ancune procedure (ad esempio accesso e lingua del sito) e per l\u2019analisi dell\u2019uso del sito da parte dei visitatori.<br \/>\nIl nostro sito fa uso delle seguenti categorie di cookie:<\/p>\n<h3>Cookie tecnici<\/h3>\n<p>I cookie di questa categoria comprendono sia cookie persistenti che cookie di sessione, consentono di distinguere tra gli utenti collegati evitando che un servizio sia erogato all\u2019utente sbagliato e quindi sono conseguenza di una espressa richiesta dell\u2019utente, e inoltre sono utilizzati per la sicurezza del sito e degli utenti stessi. In assenza di tali cookie, il sito o alcune porzioni di esso potrebbero non funzionare correttamente. I cookie di questa categoria vengono sempre inviati dal nostro dominio, e per essi non occorre consenso.<\/p>\n<h3>Cookie analitici<\/h3>\n<p>I cookie di questa categoria sono utilizzati per raccogliere informazioni sul corretto utilizzo del sito e sul comportamento degli utenti a fini di analisi statistica, per migliorare il sito e semplificarne l\u2019utilizzo. Questo tipo di cookie raccoglie informazioni in forma anonima sull\u2019attivit\u00e0 degli utenti nel sito e sul modo in cui sono arrivati al sito e alle pagine visitate. I cookie di questa categoria vengono inviati dal sito stesso o da domini di terze parti.<\/p>\n<h3>Cookie di terze parti<\/h3>\n<p>Questo sito funge anche da intermediario per cookie di terze parti, utilizzati per poter fornire ulteriori servizi e funzionalit\u00e0 ai visitatori e per migliorare l\u2019uso del sito stesso, come i pulsanti per i social. Alcuni di questi cookie sono di profilazione, cio\u00e8 utilizzati dalle terze parti per raccogliere informazioni sul comportamento e gli interessi degli utenti al fine di fornire pubblicit\u00e0 personalizzata.<\/p>\n<h2 style=\"margin-top: 50px;\">Consenso per l&#8217;uso dei cookie<\/h2>\n<p>Utilizzando il sito, continuando la navigazione del sito, oppure confermando l&#8217;uso dei cookie cliccando sul banner presente al primo accesso al sito, acconsenti espressamente all\u2019uso dei cookie e delle tecnologie similari, e in particolare alla registrazione di tali cookie sul tuo terminale per le finalit\u00e0 sopra indicate, oppure all\u2019accesso tramite i cookie ad informazioni sul tuo terminale.<\/p>\n<h3>Rifiuto o revoca del consenso ai cookie<\/h3>\n<p>Puoi rifiutare l\u2019utilizzo dei cookie e in qualsiasi momento e revocare un consenso gi\u00e0 fornito. <strong>Poich\u00e9 i cookie sono collegati al browser utilizzato, possono essere disabilitati direttamente dal browser<\/strong>, rifiutando\/revocando cos\u00ec il consenso all\u2019uso dei cookie.<br \/>\n<strong>La disabilitazione dei cookie potrebbe impedire il corretto utilizzo di alcune funzioni del sito<\/strong>, in particolare i servizi forniti da terze parti potrebbero non essere accessibili, e quindi potrebbero non essere visualizzabili: ad esempio video di YouTube o altri servizi di condivisione video; i social button dei social network; le mappe di Google.<\/p>\n<p>Le istruzioni per la disabilitazione dei cookie tramite browser, e per l\u2019eventuale eliminazione di cookie gi\u00e0 presenti sul tuo dispositivo, si trovano alle seguenti pagine web:<\/p>\n<h4>Mozilla Firefox<\/h4>\n<p><a href=\"https:\/\/support.mozilla.org\/it\/kb\/Attivare%20e%20disattivare%20i%20cookie\" target=\"_blank\" rel=\"nofollow noopener\">Attivare e disattivare i cookie<\/a><\/p>\n<h4>Internet Explorer<\/h4>\n<p><a href=\"https:\/\/support.microsoft.com\/it-it\/help\/17442\/windows-internet-explorer-delete-manage-cookies\">Eliminare e gestire i cookie<\/a><\/p>\n<h4>Google Chrome<\/h4>\n<p><a href=\"https:\/\/support.google.com\/chrome\/answer\/95647?hl=it\" target=\"_blank\" rel=\"nofollow noopener\">Cancellare, attivare e gestire i cookie in Chrome<\/a><\/p>\n<h4>Opera<\/h4>\n<p><a href=\"http:\/\/help.opera.com\/Windows\/10.00\/it\/cookies.html\" target=\"_blank\" rel=\"nofollow noopener\">Preferenze per i cookie<\/a><\/p>\n<h4>Apple Safari<\/h4>\n<p><a href=\"https:\/\/support.apple.com\/it-it\/HT201265\" target=\"_blank\" rel=\"nofollow noopener\">Come cancellare la cronologia e i cookie da Safari<\/a><\/p>\n<h4>Microsoft Edge<\/h4>\n<p><a href=\"https:\/\/support.microsoft.com\/it-it\/help\/4027947\/windows-delete-cookies\">Eliminare i Cookie<\/a><\/p>\n<p>\u00c8 possibile trovare ulteriori informazioni sui cookie e su come gestirli consultando il sito\u00a0<a href=\"https:\/\/www.aboutcookies.org\/\" target=\"_blank\" rel=\"nofollow noopener\">www.aboutcookies.org<\/a>.<\/p>\n<h3>Cookie di terze parti<\/h3>\n<p style=\"text-align: left;\">La presente privacy policy non si applica ai servizi forniti da terze parti. Questo sito non ha alcun controllo sui loro cookie, interamente gestiti da loro, e non ha alcun accesso alle informazioni raccolte tramite i cookie non dipendenti da noi. In conseguenza di ci\u00f2 le informazioni sull\u2019uso dei cookie di terze parti, sulle finalit\u00e0 degli stessi, nonch\u00e9 sulle modalit\u00e0 per l\u2019eventuale disabilitazione, sono fornite direttamente dalle terze parti.<br \/>\nGeneralmente il tracciamento degli utenti non comporta identificazione dello stesso, a meno che tu non sia gi\u00e0 iscritto al servizio ed abbia anche eseguito l&#8217;accesso, nel qual caso si intende che tu abbia gi\u00e0 espresso il consenso direttamente alla terza parte al momento dell\u2019iscrizione al relativo servizio (ad esempio Youtube).<\/p>\n<h2 style=\"margin-top: 50px;\">Social Network<\/h2>\n<p style=\"text-align: left;\">Il nostro sito integra pulsanti per funzionalit\u00e0 connesse ai social media. Cliccando sui pulsanti inerenti i social network, ad esempio visitando le nostre pagine Facebook, Twitter, ecc.. o condividendo un servizio su questi network, possono essere raccolti automaticamente dati personali. Le informazioni che fornisci a queste piattaforme in aree pubbliche (ad esempio commenti e condivisioni) potranno essere facilmente lette, raccolte o conservate da altri utenti dei social network. Questi dati non vengono raccolti da noi personalmente ma dai social media, quindi non siamo in grado di controllare le azioni degli altri utenti o le azioni degli stessi network. Le tue attivit\u00e0 su queste piattaforme sono regolamentate dalle politiche sulla privacy delle aziende che le forniscono.<\/p>\n<p>Il nostro sito utilizza collegamenti ai seguenti social network:<\/p>\n<h4 style=\"text-align: left;\">Facebook<\/h4>\n<p style=\"text-align: left;\"><a href=\"https:\/\/www.facebook.com\/about\/privacy\/\">Informativa sulla privacy<\/a><\/p>\n<p style=\"text-align: left;\"><a href=\"https:\/\/www.facebook.com\/help\/cookies\/\">Cookies policy<\/a><\/p>\n<h4 style=\"text-align: left;\">Twitter<\/h4>\n<p style=\"text-align: left;\"><a href=\"https:\/\/twitter.com\/privacy?lang=it\">Informativa sulla privacy<\/a><\/p>\n<p style=\"text-align: left;\"><a href=\"https:\/\/support.twitter.com\/articles\/20170519-uso-dei-cookie-e-di-altre-tecnologie-simili-da-parte-di-twitter\">Cookies policy<\/a><\/p>\n<h4 style=\"text-align: left;\">\u00a0Google+<\/h4>\n<p style=\"text-align: left;\"><a href=\"https:\/\/www.google.com\/intl\/it\/policies\/privacy\/\/\">Informativa sulla privacy<\/a><\/p>\n<p style=\"text-align: left;\"><a href=\"https:\/\/www.google.it\/intl\/it\/policies\/technologies\/cookies\/\">Cookies policy<\/a><\/p>\n<h4>Instagram<\/h4>\n<p><a href=\"https:\/\/help.instagram.com\/519522125107875\">Informativa sulla privacy<\/a><\/p>\n<p><a href=\"https:\/\/help.instagram.com\/1896641480634370?ref=ig\">Cookies policy<\/a><\/p>\n<h2 style=\"margin-top: 50px;\">Come proteggiamo i tuoi dati<\/h2>\n<p style=\"text-align: left;\">Per tenere al sicuro le tue informazioni personali utilizziamo misure tecniche ed organizzative per prevenire l&#8217;uso non autorizzato ma anche la loro perdita o distruzione accidentale. Forniamo l\u2019accesso ai tuoi dati solo nello stretto necessario, inoltre li sottoponiamo a limitazioni di riservatezza e quando possibile su base anonima. Per conservare le tue informazioni utilizziamo esclusivamente server privati e sicuri protetti da antivirus e sistemi di backup.<\/p>\n<h2 style=\"margin-top: 50px;\">I tuoi diritti<\/h2>\n<p>Ai sensi degli articoli 15-22 del GDPR, in quanto interessato dei tuoi dati personali, hai il diritto di:<\/p>\n<ul class=\"default-lists\">\n<li>avere informazioni circa la logica, le modalit\u00e0 e le finalit\u00e0 del trattamento dati<\/li>\n<li>accedere e chiederne copia e dettagli<\/li>\n<li>richiedere la rettifica<\/li>\n<li>richiedere la cancellazione<\/li>\n<li>ottenere la limitazione del modo in cui trattiamo le tue informazioni personali, nei limiti previsti dalla normativa a tutela dei dati personali<\/li>\n<li>opporti al trattamento dati ove previsto dalla normativa applicabile<\/li>\n<li>ricevere i dati conferiti al Titolare in un formato strutturato, di uso comune e leggibile da dispositivo automatico<\/li>\n<\/ul>\n<p style=\"text-align: left;\">Per l&#8217;esercizio dei tuoi diritti puoi contattare il titolare del trattamento dati Ennio Biffoni, via e-mail o telefono all&#8217;attenzione del Responsabile della Protezione dei Dati personali. La richiesta sar\u00e0 riscontrata nel minor tempo possibile e, comunque, nei termini di cui al GDPR.<\/p>\n<p style=\"text-align: left;\">Per eventuali reclami o segnalazioni sulle modalit\u00e0 di trattamento dei tuoi dati faremo ogni sforzo per rispondere alle tue preoccupazioni. Tuttavia, se lo desideri, potrai inoltrare reclami o segnalazioni all\u2019autorit\u00e0 responsabile della protezione dei dati.<\/p>\n<p style=\"text-align: left;\"><em>La presente privacy policy \u00e8 aggiornata alla data del 25 maggio 2018.<\/em><\/p>\n","protected":false},"excerpt":{"rendered":"<p>La tua privacy \u00e8 importante, difendiamola. Uno dei nostri obbiettivi principali \u00e8 proteggere la privacy. Proprio per questo utilizziamo le [&hellip;]<\/p>\n","protected":false},"author":11,"featured_media":0,"parent":0,"menu_order":0,"comment_status":"closed","ping_status":"closed","template":"","meta":{"footnotes":""},"class_list":["post-14452","page","type-page","status-publish","hentry"],"_links":{"self":[{"href":"https:\/\/www.infierabologna.it\/index.php\/wp-json\/wp\/v2\/pages\/14452","targetHints":{"allow":["GET"]}}],"collection":[{"href":"https:\/\/www.infierabologna.it\/index.php\/wp-json\/wp\/v2\/pages"}],"about":[{"href":"https:\/\/www.infierabologna.it\/index.php\/wp-json\/wp\/v2\/types\/page"}],"author":[{"embeddable":true,"href":"https:\/\/www.infierabologna.it\/index.php\/wp-json\/wp\/v2\/users\/11"}],"replies":[{"embeddable":true,"href":"https:\/\/www.infierabologna.it\/index.php\/wp-json\/wp\/v2\/comments?post=14452"}],"version-history":[{"count":3,"href":"https:\/\/www.infierabologna.it\/index.php\/wp-json\/wp\/v2\/pages\/14452\/revisions"}],"predecessor-version":[{"id":14457,"href":"https:\/\/www.infierabologna.it\/index.php\/wp-json\/wp\/v2\/pages\/14452\/revisions\/14457"}],"wp:attachment":[{"href":"https:\/\/www.infierabologna.it\/index.php\/wp-json\/wp\/v2\/media?parent=14452"}],"curies":[{"name":"wp","href":"https:\/\/api.w.org\/{rel}","templated":true}]}}